{"id":2,"date":"2024-11-28T09:50:36","date_gmt":"2024-11-28T08:50:36","guid":{"rendered":"http:\/\/vtt.asac-tregor.fr\/?page_id=2"},"modified":"2025-04-07T17:32:23","modified_gmt":"2025-04-07T15:32:23","slug":"page-d-exemple","status":"publish","type":"page","link":"https:\/\/vtt.asac-tregor.fr\/","title":{"rendered":"En roue libre le mercredi !"},"content":{"rendered":"\n<h1 class=\"wp-block-heading alignfull has-text-align-center\"><strong>ASAC VTT<\/strong><\/h1>\n\n\n\n<p>Nous sommes la section VTT de l&rsquo;association ASAC. Nous roulons tous les mercredi \u00e0 17h30 pour une sortie d&rsquo;\u00e0 peu pr\u00e8s 2h. Le circuit change toutes les semaines et par cons\u00e9quent le point de rdv aussi \ud83d\ude09<\/p>\n\n\n\n<div class=\"wp-block-group\"><div class=\"wp-block-group__inner-container is-layout-constrained wp-block-group-is-layout-constrained\">\n<div class=\"wp-block-cover has-custom-content-position is-position-top-center has-x-large-font-size\" style=\"padding-top:var(--wp--preset--spacing--50);padding-bottom:var(--wp--preset--spacing--50);min-height:371px;aspect-ratio:unset;\"><span aria-hidden=\"true\" class=\"wp-block-cover__background has-background-dim-0 has-background-dim\" style=\"background-color:#6b5a4d\"><\/span><img loading=\"lazy\" decoding=\"async\" width=\"2560\" height=\"1440\" class=\"wp-block-cover__image-background wp-image-166\" alt=\"Groupe ASAC-VTT 2025\" src=\"https:\/\/vtt.asac-tregor.fr\/wp-content\/uploads\/2025\/04\/PXL_20250402_174245329.MP_-scaled.jpg\" data-object-fit=\"cover\" srcset=\"https:\/\/vtt.asac-tregor.fr\/wp-content\/uploads\/2025\/04\/PXL_20250402_174245329.MP_-scaled.jpg 2560w, https:\/\/vtt.asac-tregor.fr\/wp-content\/uploads\/2025\/04\/PXL_20250402_174245329.MP_-300x169.jpg 300w, https:\/\/vtt.asac-tregor.fr\/wp-content\/uploads\/2025\/04\/PXL_20250402_174245329.MP_-1024x576.jpg 1024w, https:\/\/vtt.asac-tregor.fr\/wp-content\/uploads\/2025\/04\/PXL_20250402_174245329.MP_-768x432.jpg 768w, https:\/\/vtt.asac-tregor.fr\/wp-content\/uploads\/2025\/04\/PXL_20250402_174245329.MP_-1536x864.jpg 1536w, https:\/\/vtt.asac-tregor.fr\/wp-content\/uploads\/2025\/04\/PXL_20250402_174245329.MP_-2048x1152.jpg 2048w\" sizes=\"auto, (max-width: 2560px) 100vw, 2560px\" \/><div class=\"wp-block-cover__inner-container is-layout-flow wp-block-cover-is-layout-flow\">\n<details class=\"wp-block-details is-layout-flow wp-block-details-is-layout-flow\"><summary><\/summary>\n<p class=\"has-text-align-center has-large-font-size\"><\/p>\n<\/details>\n\n\n\n<p class=\"has-text-align-center has-large-font-size\"><br><\/p>\n<\/div><\/div>\n\n\n\n<h3 class=\"wp-block-heading has-text-align-center\"><strong>Contact:<\/strong><\/h3>\n\n\n\n<p class=\"has-text-align-center\">J\u00e9r\u00f4me Kerneur 0617734195 &#8211; Gildas Gorge 0782591571 &#8211; Olivier Muller 0622440053<\/p>\n<\/div><\/div>\n","protected":false},"excerpt":{"rendered":"<p>ASAC VTT Nous sommes la section VTT de l&rsquo;association ASAC. Nous roulons tous les mercredi \u00e0 17h30 pour une sortie d&rsquo;\u00e0 peu pr\u00e8s 2h. Le circuit change toutes les semaines et par cons\u00e9quent le point de rdv aussi \ud83d\ude09 Contact: J\u00e9r\u00f4me Kerneur 0617734195 &#8211; Gildas Gorge 0782591571 &#8211; Olivier Muller [&hellip;]<\/p>\n","protected":false},"author":1,"featured_media":0,"parent":0,"menu_order":0,"comment_status":"closed","ping_status":"open","template":"","meta":{"footnotes":""},"class_list":["post-2","page","type-page","status-publish","hentry"],"_links":{"self":[{"href":"https:\/\/vtt.asac-tregor.fr\/index.php\/wp-json\/wp\/v2\/pages\/2","targetHints":{"allow":["GET"]}}],"collection":[{"href":"https:\/\/vtt.asac-tregor.fr\/index.php\/wp-json\/wp\/v2\/pages"}],"about":[{"href":"https:\/\/vtt.asac-tregor.fr\/index.php\/wp-json\/wp\/v2\/types\/page"}],"author":[{"embeddable":true,"href":"https:\/\/vtt.asac-tregor.fr\/index.php\/wp-json\/wp\/v2\/users\/1"}],"replies":[{"embeddable":true,"href":"https:\/\/vtt.asac-tregor.fr\/index.php\/wp-json\/wp\/v2\/comments?post=2"}],"version-history":[{"count":14,"href":"https:\/\/vtt.asac-tregor.fr\/index.php\/wp-json\/wp\/v2\/pages\/2\/revisions"}],"predecessor-version":[{"id":167,"href":"https:\/\/vtt.asac-tregor.fr\/index.php\/wp-json\/wp\/v2\/pages\/2\/revisions\/167"}],"wp:attachment":[{"href":"https:\/\/vtt.asac-tregor.fr\/index.php\/wp-json\/wp\/v2\/media?parent=2"}],"curies":[{"name":"wp","href":"https:\/\/api.w.org\/{rel}","templated":true}]}}